{"id":23,"date":"2016-07-12T13:10:07","date_gmt":"2016-07-12T10:10:07","guid":{"rendered":"http:\/\/themes.muffingroup.com\/be\/biker\/?page_id=23"},"modified":"2024-06-07T12:51:23","modified_gmt":"2024-06-07T09:51:23","slug":"iletisim","status":"publish","type":"page","link":"https:\/\/ustun-makina.com\/en\/iletisim\/","title":{"rendered":"CONTACT"},"content":{"rendered":"<p>[vc_row full_width=&#8221;stretch_row_content_no_spaces&#8221;][vc_column]<div class=\"google-map-wrapper no_border\"><div class=\"google-map-contact-wrapper style-box\"><div class=\"get_in_touch\"><div class=\"get_in_touch_wrapper\"><ul><li class=\"address\"><span class=\"icon\"><i class=\"icon-location\"><\/i><\/span><span class=\"address_wrapper\">\u00dcst\u00fcn Makina<\/span><\/li><\/ul><\/div><\/div><\/div><div class=\"google-map\" id=\"google-map-area-69f4c09ba8d1b\" style=\"width:100%; height:400px;\">&nbsp;<\/div><\/div>\n[\/vc_column][\/vc_row][vc_row][vc_column][vc_column_text]<\/p>\n<h3 style=\"text-align: center;\">\u00dcST\u00dcN MAK\u0130NA TEKST\u0130L SAN. VE T\u0130C. LTD. \u015eT\u0130.<\/h3>\n<p>[\/vc_column_text][vc_zigzag color=&#8221;custom&#8221; el_width=&#8221;10&#8243; custom_color=&#8221;#b20202&#8243;][\/vc_column][\/vc_row][vc_row][vc_column width=&#8221;2\/5&#8243;][vc_column_text]<\/p>\n<h2>Contact<\/h2>\n<hr class=\"no_line\" style=\"margin:0 auto 5px\"\/>\n\n<p><strong>Head Office<\/strong><\/p>\n<p>Polat Tower Bas\u0131n Ekspres Ta\u015foca\u011f\u0131 Yolu Caddesi\u00a0No: 1 Kat 17 No: 149 34217 Ba\u011fc\u0131lar \u0130stanbul, T\u00fcrkiye<\/p>\n<hr class=\"no_line\" style=\"margin:0 auto 5px\"\/>\n\n<p><strong>Factory<\/strong><\/p>\n<p>Top\u00e7ular Cicoz Yolu Polat Sokak<br \/>\n\u00dcnl\u00fcsoy Sanayi Sitesi No: 33\/35<br \/>\nBayrampa\u015fa, \u0130stanbul<\/p>\n<p style=\"margin-bottom: 7px;\">T: +90 (212) 567 6212 &#8211; +90 (212) 567 9860<\/p>\n<p style=\"margin-bottom: 7px;\">F: +90 (212) 567 6292<\/p>\n<p><a style=\"color: inherit;\" href=\"mailto:info@ustun-makina.com\">info@ustun-makina.com<\/a><\/p>\n<p><strong>Asian Regional Representative<br \/>\n<\/strong><br \/>\n<strong>GQTEK LLP<\/strong><br \/>\n<img class=\"alignnone size-full wp-image-583\" style=\"padding-top: 6px; padding-bottom: 6px;\" src=\"http:\/\/ustun-makina.com\/wp-content\/uploads\/2018\/10\/gqtek-logo.jpg\" alt=\"\" \/><br \/>\nPlot No. 39\/1 1st Floor 3rd Phase, 4th Main Peenya Industrial Area Bengaluru-560 058, Hindistan<\/p>\n<p><a style=\"color: inherit;\" href=\"mailto:shariff@gqtek.in\u2028\">shariff@gqtek.in\u2028<\/a>[\/vc_column_text][\/vc_column][vc_column width=&#8221;3\/5&#8243;]<div role=\"form\" class=\"wpcf7\" id=\"wpcf7-f495-o2\" lang=\"tr-TR\" dir=\"ltr\">\n<div class=\"screen-reader-response\"><p role=\"status\" aria-live=\"polite\" aria-atomic=\"true\"><\/p> <ul><\/ul><\/div>\n<form action=\"\/en\/wp-json\/wp\/v2\/pages\/23#wpcf7-f495-o2\" method=\"post\" class=\"wpcf7-form init\" novalidate=\"novalidate\" data-status=\"init\">\n<div style=\"display: none;\">\n<input type=\"hidden\" name=\"_wpcf7\" value=\"495\" \/>\n<input type=\"hidden\" name=\"_wpcf7_version\" value=\"5.4.2\" \/>\n<input type=\"hidden\" name=\"_wpcf7_locale\" value=\"tr_TR\" \/>\n<input type=\"hidden\" name=\"_wpcf7_unit_tag\" value=\"wpcf7-f495-o2\" \/>\n<input type=\"hidden\" name=\"_wpcf7_container_post\" value=\"0\" \/>\n<input type=\"hidden\" name=\"_wpcf7_posted_data_hash\" value=\"\" \/>\n<input type=\"hidden\" name=\"_wpcf7_recaptcha_response\" value=\"\" \/>\n<\/div>\n<div class=\"column one-second\"><span class=\"wpcf7-form-control-wrap your-name\"><input type=\"text\" name=\"your-name\" value=\"\" size=\"40\" class=\"wpcf7-form-control wpcf7-text wpcf7-validates-as-required\" aria-required=\"true\" aria-invalid=\"false\" placeholder=\"Name Surname\" \/><\/span> <\/div>\n<div class=\"column one-second\"><span class=\"wpcf7-form-control-wrap your-email\"><input type=\"email\" name=\"your-email\" value=\"\" size=\"40\" class=\"wpcf7-form-control wpcf7-text wpcf7-email wpcf7-validates-as-required wpcf7-validates-as-email\" aria-required=\"true\" aria-invalid=\"false\" placeholder=\"E-Mail\" \/><\/span> <\/div>\n<div class=\"column one\"><span class=\"wpcf7-form-control-wrap your-subject\"><input type=\"text\" name=\"your-subject\" value=\"\" size=\"40\" class=\"wpcf7-form-control wpcf7-text\" aria-invalid=\"false\" placeholder=\"Subject\" \/><\/span> <\/div>\n<div class=\"column one\"><span class=\"wpcf7-form-control-wrap your-message\"><textarea name=\"your-message\" cols=\"40\" rows=\"8\" class=\"wpcf7-form-control wpcf7-textarea\" aria-invalid=\"false\" placeholder=\"Message\"><\/textarea><\/span><\/div>\n<div class=\"column one\">\n\n<\/div>\n<div class=\"column one\"><input type=\"submit\" value=\"Send Message\" class=\"wpcf7-form-control wpcf7-submit button_full_width\" \/><\/div>\n<div class=\"wpcf7-response-output\" aria-hidden=\"true\"><\/div><\/form><\/div>[\/vc_column][\/vc_row]<\/p>","protected":false},"excerpt":{"rendered":"<p>[vc_row full_width=&#8221;stretch_row_content_no_spaces&#8221;][vc_column][\/vc_column][\/vc_row][vc_row][vc_column][vc_column_text] \u00dcST\u00dcN MAK\u0130NA TEKST\u0130L SAN. VE T\u0130C. LTD. \u015eT\u0130. [\/vc_column_text][vc_zigzag color=&#8221;custom&#8221; el_width=&#8221;10&#8243; custom_color=&#8221;#b20202&#8243;][\/vc_column][\/vc_row][vc_row][vc_column width=&#8221;2\/5&#8243;][vc_column_text] Contact Head Office Polat Tower Bas\u0131n Ekspres Ta\u015foca\u011f\u0131 Yolu Caddesi\u00a0No: 1<span class=\"excerpt-hellip\"> [\u2026]<\/span><\/p>\n","protected":false},"author":1,"featured_media":0,"parent":0,"menu_order":0,"comment_status":"closed","ping_status":"closed","template":"","meta":[],"_links":{"self":[{"href":"https:\/\/ustun-makina.com\/en\/wp-json\/wp\/v2\/pages\/23"}],"collection":[{"href":"https:\/\/ustun-makina.com\/en\/wp-json\/wp\/v2\/pages"}],"about":[{"href":"https:\/\/ustun-makina.com\/en\/wp-json\/wp\/v2\/types\/page"}],"author":[{"embeddable":true,"href":"https:\/\/ustun-makina.com\/en\/wp-json\/wp\/v2\/users\/1"}],"replies":[{"embeddable":true,"href":"https:\/\/ustun-makina.com\/en\/wp-json\/wp\/v2\/comments?post=23"}],"version-history":[{"count":6,"href":"https:\/\/ustun-makina.com\/en\/wp-json\/wp\/v2\/pages\/23\/revisions"}],"predecessor-version":[{"id":718,"href":"https:\/\/ustun-makina.com\/en\/wp-json\/wp\/v2\/pages\/23\/revisions\/718"}],"wp:attachment":[{"href":"https:\/\/ustun-makina.com\/en\/wp-json\/wp\/v2\/media?parent=23"}],"curies":[{"name":"wp","href":"https:\/\/api.w.org\/{rel}","templated":true}]}}